{"id":10,"date":"2018-08-12T20:20:25","date_gmt":"2018-08-12T20:20:25","guid":{"rendered":"http:\/\/efectomariposa.in\/?page_id=10"},"modified":"2019-01-07T22:29:31","modified_gmt":"2019-01-08T04:29:31","slug":"acerca-de","status":"publish","type":"page","link":"https:\/\/efectomariposa.in\/index.php\/acerca-de\/","title":{"rendered":"\u00bfPorqu\u00e9\u00a0EFECTO MARIPOSA?"},"content":{"rendered":"<h1 style=\"text-align: center;\">\u00bfPorqu\u00e9\u00a0EFECTO MARIPOSA?<\/h1>\n<p>Existe un proverbio chino que dice que: \u201cEl aleteo de una mariposa en Beijing, puede provocar una tempestad en New York\u201d.<\/p>\n<p>Esta frase trata de que existen peque\u00f1as acciones capaces de generar grandes cambios , ya sean positivos o no.<\/p>\n<p>Esta es una idea sacada de la f\u00edsica y de la teor\u00eda del caos &#8211; que tambi\u00e9n se puede aplicar al campo de la psicolog\u00eda.<\/p>\n<div class=\"text_exposed_show\">\n<p>Todas nosotras, de alg\u00fan modo, estamos \u201cbatiendo nuestras alas invisibles\u201d de forma constante imitando el efecto mariposa&#8230;porque aveces un peque\u00f1o acto de bondad puntual puede propiciar un cambio maravilloso en otras personas. De igual forma, una palabra dicha en el momento preciso a alg\u00fan amigo\/a o a un desconocido, puede tambi\u00e9n dar forma a un cambio de mentalidad que fluye hacia el progreso o a un avance positivo en la persona.<\/p>\n<p>Todo lo que hacemos, decimos o expresamos tiene un impacto directo en quienes nos rodean, y como consecuencia, tambi\u00e9n en nosotros mismos.<\/p>\n<p>Por lo tanto, hay aspectos de nuestro comportamiento que deber\u00edamos atender y cuidar. Solo de esa manera generar\u00edamos influencias POSITIVAS y un equilibrio ARM\u00d3NICO donde todos nos beneficiamos.<\/p>\n<p>Adem\u00e1s, si vemos una oruga y su proceso de transformaci\u00f3n hasta convertirse en una bella mariposa, lo podemos representar como una analog\u00eda de la vida. De forma tal que los seres humanos estamos en este mundo para \u201cevolucionar\u201d, tomar conciencia de muchas de nuestras actitudes y cambiar para llegar a ser la mejor versi\u00f3n de nosotros mismos aqu\u00ed en la tierra y que esa \u201cversi\u00f3n\u201d sirva de ejemplo positivo para los que est\u00e1n cerca nuestro&#8230;.<\/p>\n<p>Efecto mariposa est\u00e1 enfocado a la mujer, para generar cambios positivos en ella, para que descubra el potencial de amor que tiene para compartir, crear conciencia de su propio valor, esencia, fuerza y poder y de esa forma sea en su mundo una influencia positiva, sea luz para quienes est\u00e1n cerca de ella y que viva su vida de los colores m\u00e1s vivos y brillantes y as\u00ed sea mucho m\u00e1s feliz&#8230;.<\/p>\n<p>Queremos invitarte a crear una comunidad de mujeres que est\u00e1n dispuestas al cambio, que quieren ser felices, que buscan ser cada vez mejores seres humanos, evolucionar emocional y espiritualmente.<\/p>\n<p>Queremos que este sea un medio de crecimiento, para que todas abramos nuestras alas, y nos transformemos en ese maravilloso ser que fuimos creadas.<\/p>\n<p>Aqu\u00ed te compartiremos charlas, talleres, lecturas, frases, meditaciones y mucho m\u00e1s que estamos seguras ser\u00e1 de alimento para tu ser y tu alma<span class=\"_5mfr\"><span class=\"_6qdm\">\ud83e\udd8b<\/span><\/span><span class=\"_5mfr\"><span class=\"_6qdm\">\ud83e\udd8b<\/span><\/span><span class=\"_5mfr\"><span class=\"_6qdm\">\ud83e\udd8b<\/span><\/span><\/p>\n<p style=\"text-align: center;\">\u00a0<\/p>\n<\/div>\n\n\n<div class=\"wp-block-image\"><figure class=\"aligncenter\"><img loading=\"lazy\" width=\"512\" height=\"200\" src=\"http:\/\/efectomariposa.in\/wp-content\/uploads\/2019\/01\/Efecto-Mariposa.png\" alt=\"\" class=\"wp-image-149\"\/><\/figure><\/div>\n","protected":false},"excerpt":{"rendered":"<p>\u00bfPorqu\u00e9\u00a0EFECTO MARIPOSA? Existe un proverbio chino que dice que: \u201cEl aleteo de una mariposa en Beijing, puede provocar una tempestad en New York\u201d. Esta frase trata de que existen peque\u00f1as&#8230;<\/p>\n","protected":false},"author":1,"featured_media":59,"parent":0,"menu_order":0,"comment_status":"closed","ping_status":"closed","template":"","meta":[],"_links":{"self":[{"href":"https:\/\/efectomariposa.in\/index.php\/wp-json\/wp\/v2\/pages\/10"}],"collection":[{"href":"https:\/\/efectomariposa.in\/index.php\/wp-json\/wp\/v2\/pages"}],"about":[{"href":"https:\/\/efectomariposa.in\/index.php\/wp-json\/wp\/v2\/types\/page"}],"author":[{"embeddable":true,"href":"https:\/\/efectomariposa.in\/index.php\/wp-json\/wp\/v2\/users\/1"}],"replies":[{"embeddable":true,"href":"https:\/\/efectomariposa.in\/index.php\/wp-json\/wp\/v2\/comments?post=10"}],"version-history":[{"count":9,"href":"https:\/\/efectomariposa.in\/index.php\/wp-json\/wp\/v2\/pages\/10\/revisions"}],"predecessor-version":[{"id":170,"href":"https:\/\/efectomariposa.in\/index.php\/wp-json\/wp\/v2\/pages\/10\/revisions\/170"}],"wp:featuredmedia":[{"embeddable":true,"href":"https:\/\/efectomariposa.in\/index.php\/wp-json\/wp\/v2\/media\/59"}],"wp:attachment":[{"href":"https:\/\/efectomariposa.in\/index.php\/wp-json\/wp\/v2\/media?parent=10"}],"curies":[{"name":"wp","href":"https:\/\/api.w.org\/{rel}","templated":true}]}}